{"id":3,"date":"2023-11-21T09:21:20","date_gmt":"2023-11-21T08:21:20","guid":{"rendered":"https:\/\/areprillan.se\/?page_id=3"},"modified":"2023-12-18T20:35:38","modified_gmt":"2023-12-18T19:35:38","slug":"integritetspolicy","status":"publish","type":"page","link":"https:\/\/areprillan.se\/?page_id=3","title":{"rendered":"Integritetspolicy"},"content":{"rendered":"\n<h2 class=\"wp-block-heading\"><strong>Integritetspolicy f\u00f6r \u00c5reprillan.<\/strong><\/h2>\n\n\n\n<p><br><strong>Behandling av Personuppgifter<br><\/strong><br>\u00c5reprillan, org.nr 556908-7793, \u00e4r personuppgiftsansvarig f\u00f6r behandling av de personuppgifter som du l\u00e4mnar till oss. V\u00e5r m\u00e5ls\u00e4ttning \u00e4r att f\u00f6lja alla vid var tid g\u00e4llande lagar och regler f\u00f6r personuppgiftsskydd. Genom att godk\u00e4nna denna integritetspolicy p\u00e5 hemsidan, i samband med ett k\u00f6p eller l\u00e4mnande av personuppgifter, samtycker du till behandling av dina personuppgifter i enlighet med denna policy.<\/p>\n\n\n\n<p><strong>Insamling och Anv\u00e4ndning av Personuppgifter<br><\/strong><br>Vi behandlar personuppgifter som du som kund l\u00e4mnar till oss eller som vi samlar in via v\u00e5r hemsida och cookies. Detta inkluderar information som personnummer, namn, e-postadress, k\u00f6p-, betal- och orderhistorik, betalningsinformation, leveransadress, IP-adress och telefonnummer.<\/p>\n\n\n\n<p><strong>Dina personuppgifter kan anv\u00e4ndas f\u00f6r:<\/strong><br><br>Identifikation och kundhantering.<br>Marknadsf\u00f6rings\u00e4ndam\u00e5l, inklusive nyhetsbrev, om du inte mots\u00e4tter dig detta.<br>F\u00f6rb\u00e4ttring av v\u00e5r hemsida, information och betalningsprocesser.<br>Analytiska och statistiska \u00e4ndam\u00e5l.<br><br><strong>Delning av Personuppgifter<br><\/strong><br>Vi kan komma att dela dina personuppgifter med:<br>Myndigheter, i enlighet med lagkrav.<br>Betalningsf\u00f6rmedlare och kreditf\u00f6retag f\u00f6r betalningstj\u00e4nster.<br>Tredjepartsleverant\u00f6rer f\u00f6r tj\u00e4nster relaterade till v\u00e5r verksamhet.<br>Vid f\u00f6retagsf\u00f6r\u00e4ndringar, s\u00e5som f\u00f6rs\u00e4ljning eller integration med annan verksamhet.<br>S\u00e4kerhet och Skydd av Personuppgifter<br>Vi har vidtagit tekniska och organisatoriska \u00e5tg\u00e4rder f\u00f6r att skydda dina personuppgifter. Detta inkluderar anv\u00e4ndning av s\u00e4kerhetsteknologi, brandv\u00e4ggar och antivirusprogram, samt begr\u00e4nsad \u00e5tkomst till personuppgiftsdata.<\/p>\n\n\n\n<p><strong>Lagring av Personuppgifter<br><\/strong><br>Personuppgifter sparas s\u00e5 l\u00e4nge det \u00e4r n\u00f6dv\u00e4ndigt f\u00f6r de syften de samlades in f\u00f6r, och i enlighet med g\u00e4llande lagstiftning.<\/p>\n\n\n\n<p><strong>Dina R\u00e4ttigheter<br><\/strong><br>Du har r\u00e4tt att beg\u00e4ra tillg\u00e5ng till, r\u00e4ttelse av, eller radering av dina personuppgifter. Du har \u00e4ven r\u00e4tt att \u00e5terkalla ditt samtycke till behandling av personuppgifter.<\/p>\n\n\n\n<p><strong>Cookies<br><\/strong><br>Vi anv\u00e4nder cookies f\u00f6r att f\u00f6rb\u00e4ttra anv\u00e4ndarupplevelsen p\u00e5 v\u00e5r hemsida. Du kan hantera cookies via din webbl\u00e4sares s\u00e4kerhetsinst\u00e4llningar.<\/p>\n\n\n\n<p><strong>\u00c4ndringar av Integritetspolicy<br><\/strong><br>Vi f\u00f6rbeh\u00e5ller oss r\u00e4tten att \u00e4ndra denna integritetspolicy. Alla \u00e4ndringar kommer att publiceras p\u00e5 hemsidan.<\/p>\n","protected":false},"excerpt":{"rendered":"<p>Integritetspolicy f\u00f6r \u00c5reprillan. Behandling av Personuppgifter\u00c5reprillan, org.nr 556908-7793, \u00e4r personuppgiftsansvarig f\u00f6r behandling av de personuppgifter som du l\u00e4mnar till oss. V\u00e5r m\u00e5ls\u00e4ttning \u00e4r att f\u00f6lja alla vid var tid g\u00e4llande lagar och regler f\u00f6r personuppgiftsskydd. Genom att godk\u00e4nna denna integritetspolicy p\u00e5 hemsidan, i samband med ett k\u00f6p eller l\u00e4mnande av personuppgifter, samtycker du till behandling [&hellip;]<\/p>\n","protected":false},"author":1,"featured_media":0,"parent":0,"menu_order":0,"comment_status":"closed","ping_status":"open","template":"","meta":{"footnotes":""},"blocksy_meta":"","featured_image_urls":{"full":"","thumbnail":"","medium":"","medium_large":"","large":"","1536x1536":"","2048x2048":"","woocommerce_thumbnail":"","woocommerce_single":"","woocommerce_gallery_thumbnail":""},"post_excerpt_stackable":"<p>Integritetspolicy f\u00f6r \u00c5reprillan. Behandling av Personuppgifter\u00c5reprillan, org.nr 556908-7793, \u00e4r personuppgiftsansvarig f\u00f6r behandling av de personuppgifter som du l\u00e4mnar till oss. V\u00e5r m\u00e5ls\u00e4ttning \u00e4r att f\u00f6lja alla vid var tid g\u00e4llande lagar och regler f\u00f6r personuppgiftsskydd. Genom att godk\u00e4nna denna integritetspolicy p\u00e5 hemsidan, i samband med ett k\u00f6p eller l\u00e4mnande av personuppgifter, samtycker du till behandling av dina personuppgifter i enlighet med denna policy. Insamling och Anv\u00e4ndning av PersonuppgifterVi behandlar personuppgifter som du som kund l\u00e4mnar till oss eller som vi samlar in via v\u00e5r hemsida och cookies. Detta inkluderar information som personnummer, namn, e-postadress, k\u00f6p-, betal- och orderhistorik, betalningsinformation, leveransadress,&hellip;<\/p>\n","category_list":"","author_info":{"name":"oscarnnn","url":"https:\/\/areprillan.se\/?author=1"},"comments_num":"0 comments","_links":{"self":[{"href":"https:\/\/areprillan.se\/index.php?rest_route=\/wp\/v2\/pages\/3"}],"collection":[{"href":"https:\/\/areprillan.se\/index.php?rest_route=\/wp\/v2\/pages"}],"about":[{"href":"https:\/\/areprillan.se\/index.php?rest_route=\/wp\/v2\/types\/page"}],"author":[{"embeddable":true,"href":"https:\/\/areprillan.se\/index.php?rest_route=\/wp\/v2\/users\/1"}],"replies":[{"embeddable":true,"href":"https:\/\/areprillan.se\/index.php?rest_route=%2Fwp%2Fv2%2Fcomments&post=3"}],"version-history":[{"count":2,"href":"https:\/\/areprillan.se\/index.php?rest_route=\/wp\/v2\/pages\/3\/revisions"}],"predecessor-version":[{"id":1001,"href":"https:\/\/areprillan.se\/index.php?rest_route=\/wp\/v2\/pages\/3\/revisions\/1001"}],"wp:attachment":[{"href":"https:\/\/areprillan.se\/index.php?rest_route=%2Fwp%2Fv2%2Fmedia&parent=3"}],"curies":[{"name":"wp","href":"https:\/\/api.w.org\/{rel}","templated":true}]}}