{"id":363,"date":"2020-03-10T21:16:55","date_gmt":"2020-03-10T21:16:55","guid":{"rendered":"https:\/\/demo.creativethemes.com\/blocksy\/modern-shop\/?page_id=3"},"modified":"2024-02-18T21:03:42","modified_gmt":"2024-02-18T20:03:42","slug":"privacy-policy-2","status":"publish","type":"page","link":"https:\/\/areprillan.se\/?page_id=363","title":{"rendered":"Terms and conditions"},"content":{"rendered":"\n<h2 class=\"wp-block-heading\">Allm\u00e4nna villkor<\/h2>\n\n\n\n<p>ALLM\u00c4NNA VILLKOR<\/p>\n\n\n\n<p><strong>Allm\u00e4nt<\/strong><br>Dessa allm\u00e4nna villkor (\u201dvillkor\u201d eller \u201dvillkoren\u201d) \u00e4r till\u00e4mpliga n\u00e4r du som kund (\u201ddu\u201d eller<br>\u201dkunden\u201d), k\u00f6per en vara p\u00e5 Areprillan.se. Avtal ing\u00e5s mellan dig som kund och \u00c5reprillan AB,<br>organisationsnummer 556908-7793 (\u201d\u00c5reprillan\u201d).<br><br>F\u00f6r att kunna l\u00e4gga en best\u00e4llning via Hemsidan m\u00e5ste du vara \u00f6ver 18 \u00e5r, samt acceptera dessa<br>villkor, vilket du g\u00f6r i samband med din best\u00e4llning. Genom att acceptera dessa villkor f\u00f6rbinder du<br>dig att f\u00f6lja villkoren samt bekr\u00e4ftar att du tagit del av informationen om personuppgifter och<br>samtyckt till anv\u00e4ndningen av personuppgifter och cookies enligt \u00c5reprillans Integritetspolicy.<br><br>Avtal om k\u00f6p mellan dig som Kund och \u00c5reprillan ing\u00e5s n\u00e4r vi bekr\u00e4ftat din best\u00e4llning och du har<br>mottagit en orderbekr\u00e4ftelse fr\u00e5n oss per e-post. Vi r\u00e5der dig som Kund att spara denna<br>orderbekr\u00e4ftelse f\u00f6r eventuella framtida kontakter med v\u00e5r kundtj\u00e4nst. Kontaktuppgifter till<br>\u00c5reprillan hittar du i orderbekr\u00e4ftelsen samt p\u00e5 areprillan.se.<br><br>Personer som \u00e4r under 18 \u00e5r f\u00e5r inte best\u00e4lla p\u00e5 Webbplatsen. F\u00f6r att best\u00e4lla beh\u00f6ver du styrka din<br>\u00e5lder. Detta g\u00f6r vi eftersom nikotinp\u00e5sar \u00e4r en produkt som enligt lag inte f\u00e5r s\u00e4ljas till personer<br>under 18 \u00e5r. Vi verifierar din \u00e5lder med Bank-ID genom v\u00e5r samarbetspartner Payson. Best\u00e4llning<br>som g\u00f6rs i annan persons namn (urkundsf\u00f6rfalskning), eller p\u00e5 annat s\u00e4tt som medf\u00f6r att \u00c5reprillan<br>riskerar lida ekonomisk skada eller legala p\u00e5f\u00f6ljder, polisanm\u00e4ls. Vid misstanke om oegentligheter<br>eller missbruk av v\u00e5r best\u00e4llningsfunktion f\u00f6rbeh\u00e5ller sig \u00c5reprillan alltid r\u00e4tten att neka ett k\u00f6p.<br><br>N\u00e4r du l\u00e4gger en best\u00e4llning kommer du att bli ombedd att uppge vissa personuppgifter, du ansvarar<br>f\u00f6r att s\u00e5dana uppgifter som du fyller i \u00e4r korrekta samt fullst\u00e4ndiga. Information om v\u00e5r behandling<br>av dina personuppgifter hittar du i v\u00e5r integritetspolicy som du finner p\u00e5 v\u00e5r hemsida areprillan.se.<br><br>\u00c5reprillan s\u00e4ljer enbart produkter till personer bosatta i Sverige och levererar endast produkter till<br>adresser i Sverige och till den person som har genomf\u00f6rt k\u00f6pet och legitimerat sig med Bank-ID.<br>\u00c5reprillan f\u00f6rbeh\u00e5ller sig r\u00e4tten att neka k\u00f6p till kunder utan folkbokf\u00f6ringsadress i Sverige.<br><br><strong>Produkter<\/strong><br>Produkterna som saluf\u00f6rs p\u00e5 areprillan.se riktar sig enbart till personer bosatta i Sverige och med en<br>leveransadress i Sverige. Vi f\u00f6rbeh\u00e5ller oss r\u00e4tt, men \u00e4r inte skyldiga, att begr\u00e4nsa f\u00f6rs\u00e4ljningen av<br>v\u00e5ra produkter till n\u00e5gon person, geografisk region eller jurisdiktion. Vi kan ut\u00f6va denna r\u00e4tt fr\u00e5n fall<br>till fall. Vi f\u00f6rbeh\u00e5ller oss r\u00e4tten att begr\u00e4nsa kvantiteterna av produkter som vi erbjuder. Alla<br>beskrivningar av produkter eller produktpriser kan \u00e4ndras n\u00e4r som helst utan underr\u00e4ttelse. Vi<\/p>\n\n\n\n<p><strong>Priser och betalning<br><\/strong>Vid best\u00e4llning via Hemsidan g\u00e4ller de priser som anges p\u00e5 Hemsidan. Alla priser \u00e4r angivna inklusive<br>moms. Du finner v\u00e5ra olika betalningsalternativ i samband med att du l\u00e4gger din best\u00e4llning och<br>checkar ut i kassan. \u00c5reprillan har r\u00e4tt att ta betalt i samband med best\u00e4llningen, om inte<br>fakturabetalning eller annat liknande betals\u00e4tt valts av dig och godk\u00e4nts av \u00c5reprillan. Vid<br>fakturabetalning eller delbetalning kan \u00c5reprillan eller dess samarbetspartner komma att g\u00f6ra en<br>kreditupplysning. Om en kreditupplysning g\u00f6rs, s\u00e5 kommer du bli informerad om detta. \u00c5reprillan<br>f\u00f6rbeh\u00e5ller sig r\u00e4tten att inte alltid erbjuda alla betals\u00e4tt.<\/p>\n\n\n\n<p><strong>Rabatter och kampanjer<br><\/strong>\u00c5reprillan f\u00f6rbeh\u00e5ller sig r\u00e4tten att n\u00e4r som helst \u00e5terkalla eller f\u00f6r\u00e4ndra rabatter och kampanjer<br>som erbjuds via hemsidan. Eventuella erbjudanden p\u00e5 Hemsidan g\u00e4ller under en begr\u00e4nsad tid och s\u00e5<br>l\u00e4nge lagret r\u00e4cker. Priset som visas vid lagd best\u00e4llning \u00e4r alltid det pris som g\u00e4ller f\u00f6r stunden.<br><br><strong>Retur<\/strong><br>N\u00e4r du som konsument handlar varor p\u00e5 internet har du 14 dagars \u00e5ngerr\u00e4tt enligt lagen (2005:59)<br>om distansavtal och avtal utanf\u00f6r aff\u00e4rslokaler. \u00c5ngerr\u00e4tten g\u00e4ller vid k\u00f6p av produkter p\u00e5<br>areprillan.se s\u00e5 l\u00e4nge produkten \u00e4r o\u00f6ppnad och returneras i samma skick som den levererats.<br><br><strong>Reklamation<\/strong><br>Kunden har enligt g\u00e4llande lagstiftning 3 \u00e5rs reklamationsr\u00e4tt p\u00e5 varor ink\u00f6pta p\u00e5 webben. Om du<br>\u00f6nskar g\u00f6ra g\u00e4llande fel i en best\u00e4lld vara k\u00f6pt fr\u00e5n \u00c5reprillan, ber vi dig kontakta oss s\u00e5 snart som<br>m\u00f6jligt efter att felet uppt\u00e4ckts via de kontaktuppgifter som anges p\u00e5 areprillan.se eller i<br>orderbekr\u00e4ftelse. Reklamationer som g\u00f6rs inom 3 m\u00e5nad fr\u00e5n leverans anses alltid vara gjorda i r\u00e4tt<br>tid. Vid reklamationer f\u00f6ljer vi de riktlinjer som finns fr\u00e5n Allm\u00e4nna Reklamationsn\u00e4mnden<br>(www.arn.se). I samband med reklamation ska f\u00f6ljande information uppges:<br>\u2013 E-postadressen som k\u00f6pet registrerades p\u00e5<br>\u2013 Ordernummer<br>\u2013 Namnet p\u00e5 artikeln du vill returnera<br>\u2013 Orsak till retur<br>Informationen skickas till; info@areprillan.se. \u00c5reprillan skickar d\u00e5 en fraktetikett som sedan \u00e4r giltig<br>i 14 dagar.<br>N\u00e4r varan returnerats och \u00c5reprillan godk\u00e4nt reklamationen kommer \u00c5reprillan kompensera dig i<br>enlighet med g\u00e4llande konsumentskyddslagstiftning. \u00c5reprillan f\u00f6rbeh\u00e5ller sig dock r\u00e4tten att neka<br>en reklamation om det visar sig att varan inte \u00e4r felaktig enligt g\u00e4llande konsumentskyddslagstiftning.<br>Mer information om din reklamationsr\u00e4tt som konsument hittar du p\u00e5 www.konsumentverket.se.<br><br>\u00c5reprillan st\u00e5r alltid f\u00f6r returfrakt f\u00f6r godk\u00e4nda returer. N\u00e4r reklamerad vara returnerats och<br>\u00c5reprillan har godk\u00e4nt reklamationen kompenseras kunden. \u00c5reprillans ansvar begr\u00e4nsas till varans<br>v\u00e4rde samt eventuella returkostnader. Om Kunden redan betalat f\u00f6r varorna, och f\u00f6rutsatt att<br>parterna inte \u00f6verenskommer om annat, g\u00f6rs en \u00e5terbetalning till det konto som belastades vid<br>k\u00f6ptillf\u00e4llet. \u00c5terbetalning g\u00f6rs normalt sett inom 14 dagar.<br><br>\u00c5reprillan f\u00f6rbeh\u00e5ller sig r\u00e4tten att neka en reklamation om det visar sig att varan inte \u00e4r felaktig<br>enligt g\u00e4llande konsumentskyddslagstiftning. F\u00f6r det fall fel inte kan p\u00e5visas utg\u00e5r en avgift om 200<br>kr inkl. moms f\u00f6r kostnader h\u00e4nf\u00f6rliga till \u00c5reprillans administration, frakt, returfrakt och hantering<br>av \u00e4rendet. F\u00f6rs\u00e4ndelser som saknar returnummer \u00e5ters\u00e4nds till avs\u00e4ndaren och fraktkostnaden<br>debiteras. Avgiften faktureras med betalningsvillkor 30 dagar netto.<br><br><strong>Felaktigheter och utel\u00e4mnanden<br><\/strong>\u00c5reprillan reserverar sig f\u00f6r att skrivfel och eller utel\u00e4mnanden av relevant information kan<br>f\u00f6rekomma p\u00e5 Hemsidan, s\u00e5som felaktigt angivna priser, volymer, antalt eller liknande. Om ett<br>felaktigt pris eller antal har angetts f\u00f6r en vara som du har best\u00e4llt, s\u00e5 kommer \u00c5reprillan kontakta<br>dig f\u00f6r att tillsammans med dig \u00f6verenskomma om hur vi ska g\u00e5 vidare med best\u00e4llningen. \u00c5reprillan<br>\u00e5tar sig inte att uppdatera, \u00e4ndra eller klarg\u00f6ra information n\u00e4r det g\u00e4ller hemsidor fr\u00e5n tredje part,<br>med undantag f\u00f6r vad som kr\u00e4vs enligt lag.<br><br><strong>\u00d6vrigt<\/strong><br>\u00c5reprillan f\u00f6rbeh\u00e5ller sig r\u00e4tten att i enskilda fall neka eller \u00e4ndra din best\u00e4llning, vilket exempelvis<br>kan intr\u00e4ffa om du har betalningsanm\u00e4rkningar eller har uppgivit felaktiga personuppgifter eller<br>information i samband med din best\u00e4llning.<br>Hemsidan, inklusive allt dess inneh\u00e5ll, \u00e4gs av \u00c5reprillan eller dess licensgivare och samarbetspartners.<br>Material p\u00e5 Hemsidan \u00e4r s\u00e5ledes skyddad genom bland annat immaterialr\u00e4ttsliga och<br>marknadsr\u00e4ttsliga lagar. Detta inneb\u00e4r att bilder, grafik, design och layout samt information om<br>varor, tj\u00e4nster och annat inneh\u00e5ll inte f\u00e5r kopieras eller anv\u00e4ndas utan godk\u00e4nnande fr\u00e5n \u00c5reprillan.<br>\u00c5reprillan ansvarar inte f\u00f6r information p\u00e5 Hemsidan som kommer fr\u00e5n tredje part.<br><br><strong>Force majeure<br><\/strong>\u00c5reprillan ansvarar inte f\u00f6r f\u00f6rseningar orsakade av omst\u00e4ndigheter som \u00c5reprillan inte kunnat r\u00e5da<br>\u00f6ver eller p\u00e5 annat s\u00e4tt \u00e4r utom \u00c5reprillans kontroll. Detta kan exempelvis handla om strejker,<br>extrema v\u00e4derf\u00f6rh\u00e5llanden och terroristattacker samt omfattande tekniska problem s\u00e5som fel i el-<br>\/tele-\/dataf\u00f6rbindelser eller annan kommunikation utanf\u00f6r \u00c5reprillans kontroll.<br><br><strong>\u00c4ndringar av villkoren<br><\/strong>\u00c5reprillan f\u00f6rbeh\u00e5ller sig r\u00e4tten att g\u00f6ra \u00e4ndringar i dessa villkor. Alla \u00e4ndringar kommer att<br>publiceras p\u00e5 hemsidan. \u00c4ndringar g\u00e4ller fr\u00e5n det att du har accepterat villkoren i samband med ett<br>nytt k\u00f6p. \u00c5reprillan rekommenderar att du bes\u00f6ker hemsida regelbundet f\u00f6r att uppdatera dig p\u00e5<br>eventuella \u00e4ndringar i villkor.<br><br><strong>Ogiltighet<br><\/strong>F\u00f6r det fall myndighet, domstol eller skiljen\u00e4mnd skulle finna att n\u00e5gon best\u00e4mmelse i dessa villkor<br>\u00e4r ogiltig, ska s\u00e5dan best\u00e4mmelse och alla \u00f6vriga best\u00e4mmelser vara g\u00e4llande i den utstr\u00e4ckning som<br>till\u00e4mplig lag till\u00e5ter. Om best\u00e4mmelser f\u00f6rklarats ogiltiga kommer att ers\u00e4ttas av relevanta juridiska<br>v\u00e4gledningar och r\u00e5d.<br><br><strong>Till\u00e4mplig lag och tvist<br><\/strong>Om tvist ej l\u00f6ses direkt mellan kund och \u00c5reprillan, kan du som kund alltid v\u00e4nda dig till Allm\u00e4nna<br>reklamationsn\u00e4mnden (www.arn.se). Du kan \u00e4ven l\u00e4mna klagom\u00e5l direkt online via EU-<br>kommissionens plattform f\u00f6r medling i tvister, du hittar denna plattform via f\u00f6ljande l\u00e4nk<br>ec.europa.eu\/consumers\/odr. Detta tvistl\u00f6sningsorgan tar sedan kontakt med b\u00e5de kund och<br>\u00c5reprillan och f\u00f6rs\u00f6ker l\u00f6sa tvisten utan domstols inblandning. \u00c5reprillan f\u00f6ljer alltid<br>rekommendationer fr\u00e5n ARN. Vid eventuell tvist skall villkoren tolkas i enlighet med svensk lag och<br>avg\u00f6ras enligt ovan eller i sista hand av allm\u00e4n domstol. Vid fr\u00e5gor om v\u00e5ra Allm\u00e4nna villkor,<br>kontakta v\u00e5r kundtj\u00e4nst p\u00e5: Info@areprillan.se<\/p>\n","protected":false},"excerpt":{"rendered":"<p>Allm\u00e4nna villkor ALLM\u00c4NNA VILLKOR Allm\u00e4ntDessa allm\u00e4nna villkor (\u201dvillkor\u201d eller \u201dvillkoren\u201d) \u00e4r till\u00e4mpliga n\u00e4r du som kund (\u201ddu\u201d eller\u201dkunden\u201d), k\u00f6per en vara p\u00e5 Areprillan.se. Avtal ing\u00e5s mellan dig som kund och \u00c5reprillan AB,organisationsnummer 556908-7793 (\u201d\u00c5reprillan\u201d). F\u00f6r att kunna l\u00e4gga en best\u00e4llning via Hemsidan m\u00e5ste du vara \u00f6ver 18 \u00e5r, samt acceptera dessavillkor, vilket du g\u00f6r i [&hellip;]<\/p>\n","protected":false},"author":1,"featured_media":0,"parent":0,"menu_order":0,"comment_status":"closed","ping_status":"open","template":"","meta":{"footnotes":""},"blocksy_meta":{"styles_descriptor":{"styles":{"desktop":"","tablet":"","mobile":""},"google_fonts":[]}},"featured_image_urls":{"full":"","thumbnail":"","medium":"","medium_large":"","large":"","1536x1536":"","2048x2048":"","woocommerce_thumbnail":"","woocommerce_single":"","woocommerce_gallery_thumbnail":""},"post_excerpt_stackable":"<p>Allm\u00e4nna villkor ALLM\u00c4NNA VILLKOR Allm\u00e4ntDessa allm\u00e4nna villkor (\u201dvillkor\u201d eller \u201dvillkoren\u201d) \u00e4r till\u00e4mpliga n\u00e4r du som kund (\u201ddu\u201d eller\u201dkunden\u201d), k\u00f6per en vara p\u00e5 Areprillan.se. Avtal ing\u00e5s mellan dig som kund och \u00c5reprillan AB,organisationsnummer 556908-7793 (\u201d\u00c5reprillan\u201d).F\u00f6r att kunna l\u00e4gga en best\u00e4llning via Hemsidan m\u00e5ste du vara \u00f6ver 18 \u00e5r, samt acceptera dessavillkor, vilket du g\u00f6r i samband med din best\u00e4llning. Genom att acceptera dessa villkor f\u00f6rbinder dudig att f\u00f6lja villkoren samt bekr\u00e4ftar att du tagit del av informationen om personuppgifter ochsamtyckt till anv\u00e4ndningen av personuppgifter och cookies enligt \u00c5reprillans Integritetspolicy.Avtal om k\u00f6p mellan dig som Kund och \u00c5reprillan ing\u00e5s n\u00e4r vi bekr\u00e4ftat&hellip;<\/p>\n","category_list":"","author_info":{"name":"oscarnnn","url":"https:\/\/areprillan.se\/?author=1"},"comments_num":"0 comments","_links":{"self":[{"href":"https:\/\/areprillan.se\/index.php?rest_route=\/wp\/v2\/pages\/363"}],"collection":[{"href":"https:\/\/areprillan.se\/index.php?rest_route=\/wp\/v2\/pages"}],"about":[{"href":"https:\/\/areprillan.se\/index.php?rest_route=\/wp\/v2\/types\/page"}],"author":[{"embeddable":true,"href":"https:\/\/areprillan.se\/index.php?rest_route=\/wp\/v2\/users\/1"}],"replies":[{"embeddable":true,"href":"https:\/\/areprillan.se\/index.php?rest_route=%2Fwp%2Fv2%2Fcomments&post=363"}],"version-history":[{"count":5,"href":"https:\/\/areprillan.se\/index.php?rest_route=\/wp\/v2\/pages\/363\/revisions"}],"predecessor-version":[{"id":1137,"href":"https:\/\/areprillan.se\/index.php?rest_route=\/wp\/v2\/pages\/363\/revisions\/1137"}],"wp:attachment":[{"href":"https:\/\/areprillan.se\/index.php?rest_route=%2Fwp%2Fv2%2Fmedia&parent=363"}],"curies":[{"name":"wp","href":"https:\/\/api.w.org\/{rel}","templated":true}]}}