{"id":381,"date":"2022-03-23T08:36:23","date_gmt":"2022-03-23T08:36:23","guid":{"rendered":"https:\/\/demo.creativethemes.com\/stagingseven\/?page_id=381"},"modified":"2023-12-19T00:07:46","modified_gmt":"2023-12-18T23:07:46","slug":"contact-us","status":"publish","type":"page","link":"https:\/\/areprillan.se\/?page_id=381","title":{"rendered":"Contact Us"},"content":{"rendered":"\n<div class=\"wp-block-stackable-spacer stk-block-spacer stk--no-padding stk-block stk-2c82b5d\" data-block-id=\"2c82b5d\"><style>.stk-2c82b5d{height:100px !important}@media screen and (max-width:1023px){.stk-2c82b5d{height:80px !important}}<\/style><\/div>\n\n\n\n<div class=\"wp-block-stackable-columns stk-block-columns stk-block stk-f6f7a2a\" data-block-id=\"f6f7a2a\"><style>.stk-f6f7a2a{margin-bottom:0px !important}.stk-f6f7a2a-column{--stk-column-gap:60px !important;row-gap:60px !important}<\/style><div class=\"stk-row stk-inner-blocks stk-block-content stk-content-align stk-f6f7a2a-column\">\n<div class=\"wp-block-stackable-column stk-block-column stk-column stk-block stk-9f2d3f3\" data-v=\"4\" data-block-id=\"9f2d3f3\"><style>.stk-9f2d3f3-container{margin-top:0px !important;margin-right:0px !important;margin-bottom:0px !important;margin-left:0px !important}@media screen and (min-width:768px) and (max-width:1023px){.stk-9f2d3f3{flex:0 1 calc(100% - var(--stk-column-gap,0px) * 0 \/ 1 ) !important}}<\/style><div class=\"stk-column-wrapper stk-block-column__content stk-container stk-9f2d3f3-container stk--no-background stk--no-padding\"><div class=\"has-text-align-center-tablet stk-block-content stk-inner-blocks stk-9f2d3f3-inner-blocks\">\n<div class=\"wp-block-stackable-heading stk-block-heading stk-block-heading--v2 stk-block stk-6ce27a6\" id=\"valkomna-in-i-butiken\" data-block-id=\"6ce27a6\"><style>.stk-6ce27a6{margin-bottom:20px !important}.stk-6ce27a6 .stk-block-heading__text{font-size:40px !important;line-height:1.5em !important;font-weight:400 !important}@media screen and (max-width:1023px){.stk-6ce27a6 .stk-block-heading__text{font-size:40px !important}}@media screen and (max-width:767px){.stk-6ce27a6 .stk-block-heading__text{font-size:28px !important}}<\/style><h2 class=\"stk-block-heading__text stk-block-heading--use-theme-margins\">V\u00e4lkomna in i butiken!<\/h2><\/div>\n\n\n\n<p>V\u00e4lkommen till v\u00e5rt exklusiva sortiment av tobaksprodukter. Hos oss uppt\u00e4cker du en omfattande kollektion som str\u00e4cker sig fr\u00e5n traditionellt snus till finaste cigaretter och premium rulltobak, representerande b\u00e5de v\u00e4lk\u00e4nda och boutique-varum\u00e4rken. V\u00e5r expertpersonal st\u00e5r alltid till f\u00f6rfogande f\u00f6r att erbjuda personlig r\u00e5dgivning och svara p\u00e5 alla dina fr\u00e5gor med djupg\u00e5ende kunskap och engagemang.<\/p>\n\n\n\n<p>Bes\u00f6k oss p\u00e5 plan 1 i Stationshuset, d\u00e4r en unik shoppingupplevelse v\u00e4ntar dig.<\/p>\n<\/div><\/div><\/div>\n\n\n\n<div class=\"wp-block-stackable-column stk-block-column stk-column stk-block stk-b4a9f79\" data-v=\"4\" data-block-id=\"b4a9f79\"><style>.stk-b4a9f79-container{margin-top:0px !important;margin-right:0px !important;margin-bottom:0px !important;margin-left:0px !important}@media screen and (min-width:768px) and (max-width:1023px){.stk-b4a9f79{flex:0 1 calc(100% - var(--stk-column-gap,0px) * 0 \/ 1 ) !important}}<\/style><div class=\"stk-column-wrapper stk-block-column__content stk-container stk-b4a9f79-container stk--no-background stk--no-padding\"><div class=\"stk-block-content stk-inner-blocks stk-b4a9f79-inner-blocks\">\n<figure class=\"wp-block-image size-large is-style-default\"><img loading=\"lazy\" decoding=\"async\" width=\"1024\" height=\"768\" src=\"https:\/\/areprillan.se\/wp-content\/uploads\/2023\/12\/20200810_135250-2048x1536-1-1024x768.jpg\" alt=\"\" class=\"wp-image-1087\" style=\"object-fit:cover\" srcset=\"https:\/\/areprillan.se\/wp-content\/uploads\/2023\/12\/20200810_135250-2048x1536-1-1024x768.jpg 1024w, https:\/\/areprillan.se\/wp-content\/uploads\/2023\/12\/20200810_135250-2048x1536-1-500x375.jpg 500w, https:\/\/areprillan.se\/wp-content\/uploads\/2023\/12\/20200810_135250-2048x1536-1-768x576.jpg 768w, https:\/\/areprillan.se\/wp-content\/uploads\/2023\/12\/20200810_135250-2048x1536-1-1536x1152.jpg 1536w, https:\/\/areprillan.se\/wp-content\/uploads\/2023\/12\/20200810_135250-2048x1536-1-1000x750.jpg 1000w, https:\/\/areprillan.se\/wp-content\/uploads\/2023\/12\/20200810_135250-2048x1536-1.jpg 1600w\" sizes=\"(max-width: 1024px) 100vw, 1024px\" \/><\/figure>\n<\/div><\/div><\/div>\n<\/div><\/div>\n\n\n\n<div class=\"wp-block-stackable-spacer stk-block-spacer stk--no-padding stk-block stk-6090630\" data-block-id=\"6090630\"><style>.stk-6090630{height:100px !important}@media screen and (max-width:1023px){.stk-6090630{height:80px !important}}@media screen and (max-width:767px){.stk-6090630{height:50px !important}}<\/style><\/div>\n\n\n\n<div class=\"wp-block-stackable-columns stk-block-columns stk-block stk-42e9779\" data-block-id=\"42e9779\"><style>.stk-42e9779{margin-bottom:0px !important}<\/style><div class=\"stk-row stk-inner-blocks stk-block-content stk-content-align stk-42e9779-column\">\n<div class=\"wp-block-stackable-column stk-block-column stk-column stk-block stk-a79a682\" data-v=\"4\" data-block-id=\"a79a682\"><style>.stk-a79a682-container{margin-top:0px !important;margin-right:0px !important;margin-bottom:0px !important;margin-left:0px !important}.stk-a79a682:hover{box-shadow:0px 10px 30px rgba(0,0,0,0.05) !important}.stk-a79a682{padding-top:30px !important;padding-right:25px !important;padding-bottom:30px !important;padding-left:25px !important}@media screen and (min-width:768px) and (max-width:1023px){.stk-a79a682{flex:0 1 calc(50% - var(--stk-column-gap,0px) * 1 \/ 2 ) !important}}<\/style><div class=\"stk-column-wrapper stk-block-column__content stk-container stk-a79a682-container stk--no-background stk--no-padding\"><div class=\"has-text-align-center stk-block-content stk-inner-blocks stk-a79a682-inner-blocks\">\n<div class=\"wp-block-stackable-icon stk-block-icon stk-block stk-22bc0c3\" data-block-id=\"22bc0c3\"><style>.stk-22bc0c3{margin-bottom:20px !important}.stk-22bc0c3 .stk--svg-wrapper .stk--inner-svg svg:last-child{height:22px !important;width:22px !important}.stk-22bc0c3 .stk--svg-wrapper .stk--inner-svg svg:last-child,.stk-22bc0c3 .stk--svg-wrapper .stk--inner-svg svg:last-child :is(g,path,rect,polygon,ellipse){fill:var(--paletteColor4,#0a0500) !important}.stk-22bc0c3 .stk--svg-wrapper .stk--inner-svg{background-color:var(--paletteColor1,#ffcd05) !important;border-radius:50% !important;padding:20px !important}<\/style><span class=\"stk--svg-wrapper\"><div class=\"stk--inner-svg\"><svg style=\"height:0;width:0\"><defs><linearGradient id=\"linear-gradient-22bc0c3\" x1=\"0\" x2=\"100%\" y1=\"0\" y2=\"0\"><stop offset=\"0%\" style=\"stop-opacity:1;stop-color:var(--linear-gradient-22-bc-0-c-3-color-1)\"><\/stop><stop offset=\"100%\" style=\"stop-opacity:1;stop-color:var(--linear-gradient-22-bc-0-c-3-color-2)\"><\/stop><\/linearGradient><\/defs><\/svg><svg aria-hidden=\"true\" focusable=\"false\" data-prefix=\"fas\" data-icon=\"map-marker-alt\" class=\"svg-inline--fa fa-map-marker-alt fa-w-12\" xmlns=\"http:\/\/www.w3.org\/2000\/svg\" viewBox=\"0 0 384 512\" width=\"32\" height=\"32\"><path fill=\"currentColor\" d=\"M172.268 501.67C26.97 291.031 0 269.413 0 192 0 85.961 85.961 0 192 0s192 85.961 192 192c0 77.413-26.97 99.031-172.268 309.67-9.535 13.774-29.93 13.773-39.464 0zM192 272c44.183 0 80-35.817 80-80s-35.817-80-80-80-80 35.817-80 80 35.817 80 80 80z\"><\/path><\/svg><\/div><\/span><\/div>\n\n\n\n<div class=\"wp-block-stackable-heading stk-block-heading stk-block-heading--v2 stk-block stk-592ef48\" id=\"butikens-adress\" data-block-id=\"592ef48\"><style>.stk-592ef48{margin-bottom:15px !important}.stk-592ef48 .stk-block-heading__text{line-height:1.5em !important}<\/style><h5 class=\"stk-block-heading__text\">Butikens adress<\/h5><\/div>\n\n\n\n<p>Stationshuset i \u00c5re, Plan 1<br>Sankt Olavsv\u00e4g 33<br>837 52 \u00c5re<\/p>\n<\/div><\/div><\/div>\n\n\n\n<div class=\"wp-block-stackable-column stk-block-column stk-column stk-block stk-1e0e313\" data-v=\"4\" data-block-id=\"1e0e313\"><style>.stk-1e0e313-container{margin-top:0px !important;margin-right:0px !important;margin-bottom:0px !important;margin-left:0px !important}.stk-1e0e313:hover{box-shadow:0px 10px 30px rgba(0,0,0,0.05) !important}.stk-1e0e313{padding-top:30px !important;padding-right:25px !important;padding-bottom:30px !important;padding-left:25px !important}@media screen and (min-width:768px) and (max-width:1023px){.stk-1e0e313{flex:0 1 calc(50% - var(--stk-column-gap,0px) * 1 \/ 2 ) !important}}<\/style><div class=\"stk-column-wrapper stk-block-column__content stk-container stk-1e0e313-container stk--no-background stk--no-padding\"><div class=\"has-text-align-center stk-block-content stk-inner-blocks stk-1e0e313-inner-blocks\">\n<div class=\"wp-block-stackable-icon stk-block-icon stk-block stk-8d7463e\" data-block-id=\"8d7463e\"><style>.stk-8d7463e{margin-bottom:20px !important}.stk-8d7463e .stk--svg-wrapper .stk--inner-svg svg:last-child{height:22px !important;width:22px !important}.stk-8d7463e .stk--svg-wrapper .stk--inner-svg svg:last-child,.stk-8d7463e .stk--svg-wrapper .stk--inner-svg svg:last-child :is(g,path,rect,polygon,ellipse){fill:var(--paletteColor4,#0a0500) !important}.stk-8d7463e .stk--svg-wrapper .stk--inner-svg{background-color:var(--paletteColor1,#ffcd05) !important;border-radius:50% !important;padding:20px !important}<\/style><span class=\"stk--svg-wrapper\"><div class=\"stk--inner-svg\"><svg style=\"height:0;width:0\"><defs><linearGradient id=\"linear-gradient-8d7463e\" x1=\"0\" x2=\"100%\" y1=\"0\" y2=\"0\"><stop offset=\"0%\" style=\"stop-opacity:1;stop-color:var(--linear-gradient-8-d-7463-e-color-1)\"><\/stop><stop offset=\"100%\" style=\"stop-opacity:1;stop-color:var(--linear-gradient-8-d-7463-e-color-2)\"><\/stop><\/linearGradient><\/defs><\/svg><svg aria-hidden=\"true\" focusable=\"false\" data-prefix=\"fas\" data-icon=\"clock\" class=\"svg-inline--fa fa-clock fa-w-16\" xmlns=\"http:\/\/www.w3.org\/2000\/svg\" viewBox=\"0 0 512 512\" width=\"32\" height=\"32\"><path fill=\"currentColor\" d=\"M256,8C119,8,8,119,8,256S119,504,256,504,504,393,504,256,393,8,256,8Zm92.49,313h0l-20,25a16,16,0,0,1-22.49,2.5h0l-67-49.72a40,40,0,0,1-15-31.23V112a16,16,0,0,1,16-16h32a16,16,0,0,1,16,16V256l58,42.5A16,16,0,0,1,348.49,321Z\"><\/path><\/svg><\/div><\/span><\/div>\n\n\n\n<div class=\"wp-block-stackable-heading stk-block-heading stk-block-heading--v2 stk-block stk-65958f7\" id=\"oppettider\" data-block-id=\"65958f7\"><style>.stk-65958f7{margin-bottom:15px !important}.stk-65958f7 .stk-block-heading__text{line-height:1.5em !important}<\/style><h5 class=\"stk-block-heading__text\">\u00d6ppettider<\/h5><\/div>\n\n\n\n<p>M\u00e5ndag &#8211; L\u00f6rdag: 10:00 &#8211; 18:00<br>S\u00f6ndag: 11:00 &#8211; 16:00<\/p>\n<\/div><\/div><\/div>\n\n\n\n<div class=\"wp-block-stackable-column stk-block-column stk-column stk-block stk-d5bb11b\" data-v=\"4\" data-block-id=\"d5bb11b\"><style>.stk-d5bb11b-container{margin-top:0px !important;margin-right:0px !important;margin-bottom:0px !important;margin-left:0px !important}.stk-d5bb11b:hover{box-shadow:0px 10px 30px rgba(0,0,0,0.05) !important}.stk-d5bb11b{padding-top:30px !important;padding-right:25px !important;padding-bottom:30px !important;padding-left:25px !important}@media screen and (min-width:768px) and (max-width:1023px){.stk-d5bb11b{flex:0 1 calc(50% - var(--stk-column-gap,0px) * 1 \/ 2 ) !important}}<\/style><div class=\"stk-column-wrapper stk-block-column__content stk-container stk-d5bb11b-container stk--no-background stk--no-padding\"><div class=\"has-text-align-center stk-block-content stk-inner-blocks stk-d5bb11b-inner-blocks\">\n<div class=\"wp-block-stackable-icon stk-block-icon stk-block stk-1ff9060\" data-block-id=\"1ff9060\"><style>.stk-1ff9060{margin-bottom:20px !important}.stk-1ff9060 .stk--svg-wrapper .stk--inner-svg svg:last-child{height:22px !important;width:22px !important}.stk-1ff9060 .stk--svg-wrapper .stk--inner-svg svg:last-child,.stk-1ff9060 .stk--svg-wrapper .stk--inner-svg svg:last-child :is(g,path,rect,polygon,ellipse){fill:var(--paletteColor4,#0a0500) !important}.stk-1ff9060 .stk--svg-wrapper .stk--inner-svg{background-color:var(--paletteColor1,#ffcd05) !important;border-radius:50% !important;padding:20px !important}<\/style><span class=\"stk--svg-wrapper\"><div class=\"stk--inner-svg\"><svg style=\"height:0;width:0\"><defs><linearGradient id=\"linear-gradient-1ff9060\" x1=\"0\" x2=\"100%\" y1=\"0\" y2=\"0\"><stop offset=\"0%\" style=\"stop-opacity:1;stop-color:var(--linear-gradient-1-ff-9060-color-1)\"><\/stop><stop offset=\"100%\" style=\"stop-opacity:1;stop-color:var(--linear-gradient-1-ff-9060-color-2)\"><\/stop><\/linearGradient><\/defs><\/svg><svg aria-hidden=\"true\" focusable=\"false\" data-prefix=\"fas\" data-icon=\"envelope\" class=\"svg-inline--fa fa-envelope fa-w-16\" xmlns=\"http:\/\/www.w3.org\/2000\/svg\" viewBox=\"0 0 512 512\" width=\"32\" height=\"32\"><path fill=\"currentColor\" d=\"M502.3 190.8c3.9-3.1 9.7-.2 9.7 4.7V400c0 26.5-21.5 48-48 48H48c-26.5 0-48-21.5-48-48V195.6c0-5 5.7-7.8 9.7-4.7 22.4 17.4 52.1 39.5 154.1 113.6 21.1 15.4 56.7 47.8 92.2 47.6 35.7.3 72-32.8 92.3-47.6 102-74.1 131.6-96.3 154-113.7zM256 320c23.2.4 56.6-29.2 73.4-41.4 132.7-96.3 142.8-104.7 173.4-128.7 5.8-4.5 9.2-11.5 9.2-18.9v-19c0-26.5-21.5-48-48-48H48C21.5 64 0 85.5 0 112v19c0 7.4 3.4 14.3 9.2 18.9 30.6 23.9 40.7 32.4 173.4 128.7 16.8 12.2 50.2 41.8 73.4 41.4z\"><\/path><\/svg><\/div><\/span><\/div>\n\n\n\n<div class=\"wp-block-stackable-heading stk-block-heading stk-block-heading--v2 stk-block stk-7391842\" id=\"email-adress\" data-block-id=\"7391842\"><style>.stk-7391842{margin-bottom:15px !important}.stk-7391842 .stk-block-heading__text{line-height:1.5em !important}<\/style><h5 class=\"stk-block-heading__text\">Email Adress<\/h5><\/div>\n\n\n\n<p>info@areprillan.se<\/p>\n<\/div><\/div><\/div>\n\n\n\n<div class=\"wp-block-stackable-column stk-block-column stk-column stk-block stk-621ae9f\" data-v=\"4\" data-block-id=\"621ae9f\"><style>.stk-621ae9f-container{margin-top:0px !important;margin-right:0px !important;margin-bottom:0px !important;margin-left:0px !important}.stk-621ae9f:hover{box-shadow:0px 10px 30px rgba(0,0,0,0.05) !important}.stk-621ae9f{padding-top:30px !important;padding-right:25px !important;padding-bottom:30px !important;padding-left:25px !important}@media screen and (min-width:768px) and (max-width:1023px){.stk-621ae9f{flex:0 1 calc(50% - var(--stk-column-gap,0px) * 1 \/ 2 ) !important}}<\/style><div class=\"stk-column-wrapper stk-block-column__content stk-container stk-621ae9f-container stk--no-background stk--no-padding\"><div class=\"has-text-align-center stk-block-content stk-inner-blocks stk-621ae9f-inner-blocks\">\n<div class=\"wp-block-stackable-icon stk-block-icon stk-block stk-a80ef35\" data-block-id=\"a80ef35\"><style>.stk-a80ef35{margin-bottom:20px !important}.stk-a80ef35 .stk--svg-wrapper .stk--inner-svg svg:last-child{height:22px !important;width:22px !important}.stk-a80ef35 .stk--svg-wrapper .stk--inner-svg svg:last-child,.stk-a80ef35 .stk--svg-wrapper .stk--inner-svg svg:last-child :is(g,path,rect,polygon,ellipse){fill:var(--paletteColor4,#0a0500) !important}.stk-a80ef35 .stk--svg-wrapper .stk--inner-svg{background-color:var(--paletteColor1,#ffcd05) !important;border-radius:50% !important;padding:20px !important}<\/style><span class=\"stk--svg-wrapper\"><div class=\"stk--inner-svg\"><svg style=\"height:0;width:0\"><defs><linearGradient id=\"linear-gradient-a80ef35\" x1=\"0\" x2=\"100%\" y1=\"0\" y2=\"0\"><stop offset=\"0%\" style=\"stop-opacity:1;stop-color:var(--linear-gradient-a-80-ef-35-color-1)\"><\/stop><stop offset=\"100%\" style=\"stop-opacity:1;stop-color:var(--linear-gradient-a-80-ef-35-color-2)\"><\/stop><\/linearGradient><\/defs><\/svg><svg aria-hidden=\"true\" focusable=\"false\" data-prefix=\"fas\" data-icon=\"mobile\" class=\"svg-inline--fa fa-mobile fa-w-10\" xmlns=\"http:\/\/www.w3.org\/2000\/svg\" viewBox=\"0 0 320 512\" width=\"32\" height=\"32\"><path fill=\"currentColor\" d=\"M272 0H48C21.5 0 0 21.5 0 48v416c0 26.5 21.5 48 48 48h224c26.5 0 48-21.5 48-48V48c0-26.5-21.5-48-48-48zM160 480c-17.7 0-32-14.3-32-32s14.3-32 32-32 32 14.3 32 32-14.3 32-32 32z\"><\/path><\/svg><\/div><\/span><\/div>\n\n\n\n<div class=\"wp-block-stackable-heading stk-block-heading stk-block-heading--v2 stk-block stk-276e4de\" id=\"telefon\" data-block-id=\"276e4de\"><style>.stk-276e4de{margin-bottom:15px !important}.stk-276e4de .stk-block-heading__text{line-height:1.5em !important}<\/style><h5 class=\"stk-block-heading__text\">Telefon<\/h5><\/div>\n\n\n\n<p>0647-50001<\/p>\n<\/div><\/div><\/div>\n<\/div><\/div>\n\n\n\n<div class=\"wp-block-stackable-spacer stk-block-spacer stk--no-padding stk-block stk-b53b987\" data-block-id=\"b53b987\"><style>.stk-b53b987{height:120px !important}@media screen and (max-width:1023px){.stk-b53b987{height:100px !important}}<\/style><\/div>\n","protected":false},"excerpt":{"rendered":"<p>V\u00e4lkomna in i butiken! V\u00e4lkommen till v\u00e5rt exklusiva sortiment av tobaksprodukter. Hos oss uppt\u00e4cker du en omfattande kollektion som str\u00e4cker sig fr\u00e5n traditionellt snus till finaste cigaretter och premium rulltobak, representerande b\u00e5de v\u00e4lk\u00e4nda och boutique-varum\u00e4rken. V\u00e5r expertpersonal st\u00e5r alltid till f\u00f6rfogande f\u00f6r att erbjuda personlig r\u00e5dgivning och svara p\u00e5 alla dina fr\u00e5gor med djupg\u00e5ende kunskap [&hellip;]<\/p>\n","protected":false},"author":1,"featured_media":0,"parent":0,"menu_order":0,"comment_status":"closed","ping_status":"closed","template":"","meta":{"footnotes":""},"blocksy_meta":{"page_title_panel":"","has_hero_section":"disabled","d164b8f26f9cbfd053b88a7283dfd2c6":"","hero_section":"type-1","hero_elements":[{"id":"custom_title","enabled":true,"heading_tag":"h1","title":"Home"},{"id":"custom_description","enabled":true,"description_visibility":{"desktop":true,"tablet":true,"mobile":false}},{"id":"custom_meta","enabled":false,"meta_elements":[{"id":"author","enabled":true,"label":"By","has_author_avatar":"yes","avatar_size":25},{"id":"post_date","enabled":true,"label":"On","date_format_source":"default","date_format":"M j, Y"},{"id":"updated_date","enabled":false,"label":"On","date_format_source":"default","date_format":"M j, Y"},{"id":"categories","enabled":false,"label":"In","style":"simple"},{"id":"comments","enabled":true}],"page_meta_elements":{"joined":true,"articles_count":true,"comments":true}},{"id":"breadcrumbs","enabled":false}],"61393d7c0d3e11903aca7bb4b51e510f":"","hero_alignment1":"CT_CSS_SKIP_RULE","hero_margin":40,"hero_alignment2":"center","hero_vertical_alignment":"center","7596a8dd7d4698ce6574a6bb59aeccb6":"","hero_structure":"narrow","3540a697133f72a27c61191ddb44b28d":"","page_title_bg_type":"featured_image","custom_hero_background":{"attachment_id":null},"parallax":{"desktop":false,"tablet":false,"mobile":false},"4e469f2500d8cea9ff1df5d7a7ee0b9d":"","hero_height":"250px","pageTitleFont":{"family":"Default","variation":"Default","size":"30px","line-height":"CT_CSS_SKIP_RULE","letter-spacing":"CT_CSS_SKIP_RULE","text-transform":"CT_CSS_SKIP_RULE","text-decoration":"CT_CSS_SKIP_RULE"},"pageTitleFontColor":{"default":{"color":"CT_CSS_SKIP_RULEDEFAULT"}},"pageMetaFont":{"family":"Default","variation":"n6","size":"12px","line-height":"1.3","letter-spacing":"CT_CSS_SKIP_RULE","text-transform":"uppercase","text-decoration":"CT_CSS_SKIP_RULE"},"pageMetaFontColor":{"default":{"color":"CT_CSS_SKIP_RULEDEFAULT"},"hover":{"color":"CT_CSS_SKIP_RULEDEFAULT"}},"page_meta_button_type_font_colors":{"default":{"color":"CT_CSS_SKIP_RULEDEFAULT"},"hover":{"color":"CT_CSS_SKIP_RULEDEFAULT"}},"page_meta_button_type_background_colors":{"default":{"color":"CT_CSS_SKIP_RULEDEFAULT"},"hover":{"color":"CT_CSS_SKIP_RULEDEFAULT"}},"pageExcerptFont":{"family":"Default","variation":"Default","size":"CT_CSS_SKIP_RULE","line-height":"CT_CSS_SKIP_RULE","letter-spacing":"CT_CSS_SKIP_RULE","text-transform":"CT_CSS_SKIP_RULE","text-decoration":"CT_CSS_SKIP_RULE"},"pageExcerptColor":{"default":{"color":"CT_CSS_SKIP_RULEDEFAULT"}},"breadcrumbsFont":{"family":"Default","variation":"Default","size":"CT_CSS_SKIP_RULE","line-height":"CT_CSS_SKIP_RULE","letter-spacing":"CT_CSS_SKIP_RULE","text-transform":"CT_CSS_SKIP_RULE","text-decoration":"CT_CSS_SKIP_RULE"},"breadcrumbsFontColor":{"default":{"color":"CT_CSS_SKIP_RULEDEFAULT"},"initial":{"color":"CT_CSS_SKIP_RULEDEFAULT"},"hover":{"color":"CT_CSS_SKIP_RULEDEFAULT"}},"pageTitleOverlay":{"background_type":"color","background_pattern":"type-1","background_image":{"attachment_id":null,"x":0,"y":0},"gradient":"linear-gradient(135deg,rgba(6,147,227,1) 0%,rgb(155,81,224) 100%)","background_repeat":"repeat","background_size":"auto","background_attachment":"scroll","patternColor":{"default":{"color":"#e5e7ea"}},"overlayColor":{"default":{"color":"CT_CSS_SKIP_RULE"}},"backgroundColor":{"default":{"color":"CT_CSS_SKIP_RULE"}}},"pageTitleBackground":{"background_type":"color","background_pattern":"type-1","background_image":{"attachment_id":null,"x":0,"y":0},"gradient":"linear-gradient(135deg,rgba(6,147,227,1) 0%,rgb(155,81,224) 100%)","background_repeat":"repeat","background_size":"auto","background_attachment":"scroll","patternColor":{"default":{"color":"#e5e7ea"}},"overlayColor":{"default":{"color":"CT_CSS_SKIP_RULE"}},"backgroundColor":{"default":{"color":"var(--paletteColor6)"}}},"pageTitlePadding":{"top":"50px","bottom":"50px","left":"auto","right":"auto","linked":true},"991849a46c7a87367c44a69702ed6b1a":"","page_structure_type":"default","04bd53b955ec5ffc8387b259e9361c65":"","content_style_source":"inherit","content_style":"wide","vertical_spacing_source":"custom","content_area_spacing":"none","background":{"background_type":"color","background_pattern":"type-1","background_image":{"attachment_id":null,"x":0,"y":0},"gradient":"linear-gradient(135deg,rgba(6,147,227,1) 0%,rgb(155,81,224) 100%)","background_repeat":"repeat","background_size":"auto","background_attachment":"scroll","patternColor":{"default":{"color":"#e5e7ea"}},"overlayColor":{"default":{"color":"CT_CSS_SKIP_RULE"}},"backgroundColor":{"default":{"color":"CT_CSS_SKIP_RULE"}}},"content_background":{"background_type":"color","background_pattern":"type-1","background_image":{"attachment_id":null,"x":0,"y":0},"gradient":"linear-gradient(135deg,rgba(6,147,227,1) 0%,rgb(155,81,224) 100%)","background_repeat":"repeat","background_size":"auto","background_attachment":"scroll","patternColor":{"default":{"color":"#e5e7ea"}},"overlayColor":{"default":{"color":"CT_CSS_SKIP_RULE"}},"backgroundColor":{"default":{"color":"var(--paletteColor8)"}}},"content_boxed_shadow":{"inherit":false,"blur":18,"spread":-6,"v_offset":12,"h_offset":0,"inset":false,"enable":true,"color":{"color":"rgba(34, 56, 101, 0.04)"}},"boxed_content_spacing":{"desktop":{"top":"40px","bottom":"40px","left":"40px","right":"40px","linked":true},"tablet":{"top":"35px","bottom":"35px","left":"35px","right":"35px","linked":true},"mobile":{"top":"20px","bottom":"20px","left":"20px","right":"20px","linked":true}},"content_boxed_radius":{"top":"3px","bottom":"3px","left":"3px","right":"3px","linked":true},"a5717471cb29a96342b7b5b289e1cec3":"","disable_featured_image":"no","disable_share_box":"no","disable_header":"no","disable_footer":"no","styles_descriptor":{"styles":{"desktop":"","tablet":"","mobile":""},"google_fonts":[],"version":5}},"featured_image_urls":{"full":"","thumbnail":"","medium":"","medium_large":"","large":"","1536x1536":"","2048x2048":"","woocommerce_thumbnail":"","woocommerce_single":"","woocommerce_gallery_thumbnail":""},"post_excerpt_stackable":"<p>V\u00e4lkomna in i butiken! V\u00e4lkommen till v\u00e5rt exklusiva sortiment av tobaksprodukter. Hos oss uppt\u00e4cker du en omfattande kollektion som str\u00e4cker sig fr\u00e5n traditionellt snus till finaste cigaretter och premium rulltobak, representerande b\u00e5de v\u00e4lk\u00e4nda och boutique-varum\u00e4rken. V\u00e5r expertpersonal st\u00e5r alltid till f\u00f6rfogande f\u00f6r att erbjuda personlig r\u00e5dgivning och svara p\u00e5 alla dina fr\u00e5gor med djupg\u00e5ende kunskap och engagemang. Bes\u00f6k oss p\u00e5 plan 1 i Stationshuset, d\u00e4r en unik shoppingupplevelse v\u00e4ntar dig. Butikens adress Stationshuset i \u00c5re, Plan 1Sankt Olavsv\u00e4g 33837 52 \u00c5re \u00d6ppettider M\u00e5ndag &#8211; L\u00f6rdag: 10:00 &#8211; 18:00S\u00f6ndag: 11:00 &#8211; 16:00 Email Adress info@areprillan.se Telefon 0647-50001<\/p>\n","category_list":"","author_info":{"name":"oscarnnn","url":"https:\/\/areprillan.se\/?author=1"},"comments_num":"0 comments","_links":{"self":[{"href":"https:\/\/areprillan.se\/index.php?rest_route=\/wp\/v2\/pages\/381"}],"collection":[{"href":"https:\/\/areprillan.se\/index.php?rest_route=\/wp\/v2\/pages"}],"about":[{"href":"https:\/\/areprillan.se\/index.php?rest_route=\/wp\/v2\/types\/page"}],"author":[{"embeddable":true,"href":"https:\/\/areprillan.se\/index.php?rest_route=\/wp\/v2\/users\/1"}],"replies":[{"embeddable":true,"href":"https:\/\/areprillan.se\/index.php?rest_route=%2Fwp%2Fv2%2Fcomments&post=381"}],"version-history":[{"count":10,"href":"https:\/\/areprillan.se\/index.php?rest_route=\/wp\/v2\/pages\/381\/revisions"}],"predecessor-version":[{"id":1103,"href":"https:\/\/areprillan.se\/index.php?rest_route=\/wp\/v2\/pages\/381\/revisions\/1103"}],"wp:attachment":[{"href":"https:\/\/areprillan.se\/index.php?rest_route=%2Fwp%2Fv2%2Fmedia&parent=381"}],"curies":[{"name":"wp","href":"https:\/\/api.w.org\/{rel}","templated":true}]}}