{"id":410,"date":"2022-03-23T09:17:00","date_gmt":"2022-03-23T09:17:00","guid":{"rendered":"https:\/\/demo.creativethemes.com\/stagingseven\/?page_id=410"},"modified":"2023-12-18T23:59:01","modified_gmt":"2023-12-18T22:59:01","slug":"about-us","status":"publish","type":"page","link":"https:\/\/areprillan.se\/?page_id=410","title":{"rendered":"About Us"},"content":{"rendered":"\n<div class=\"wp-block-stackable-spacer stk-block-spacer stk--no-padding stk-block stk-6090630\" data-block-id=\"6090630\"><style>.stk-6090630{height:100px !important}@media screen and (max-width:1023px){.stk-6090630{height:80px !important}}@media screen and (max-width:767px){.stk-6090630{height:50px !important}}<\/style><\/div>\n\n\n\n<div class=\"wp-block-stackable-columns stk-block-columns stk-block stk-9dedec1\" data-block-id=\"9dedec1\"><style>.stk-9dedec1{margin-bottom:0px !important}.stk-9dedec1-column{--stk-column-gap:60px !important;row-gap:60px !important}<\/style><div class=\"stk-row stk-inner-blocks stk-block-content stk-content-align stk-9dedec1-column\">\n<div class=\"wp-block-stackable-column stk-block-column stk-column stk-block stk-20a795f\" data-v=\"4\" data-block-id=\"20a795f\"><style>.stk-20a795f-container{margin-top:0px !important;margin-right:0px !important;margin-bottom:0px !important;margin-left:0px !important}@media screen and (min-width:768px) and (max-width:1023px){.stk-20a795f{flex:0 1 calc(100% - var(--stk-column-gap,0px) * 0 \/ 1 ) !important}}<\/style><div class=\"stk-column-wrapper stk-block-column__content stk-container stk-20a795f-container stk--no-background stk--no-padding\"><div class=\"has-text-align-center-tablet stk-block-content stk-inner-blocks stk-20a795f-inner-blocks\">\n<div class=\"wp-block-stackable-heading stk-block-heading stk-block-heading--v2 stk-block stk-406e1c3\" id=\"areskutans-anda-i-varje-dosa\" data-block-id=\"406e1c3\"><style>.stk-406e1c3{margin-bottom:20px !important}.stk-406e1c3 .stk-block-heading__text{font-size:40px !important;line-height:1.5em !important;font-weight:500 !important}@media screen and (max-width:1023px){.stk-406e1c3 .stk-block-heading__text{font-size:40px !important}}@media screen and (max-width:767px){.stk-406e1c3 .stk-block-heading__text{font-size:28px !important}}<\/style><h2 class=\"stk-block-heading__text stk-block-heading--use-theme-margins\">\u00c5reskutans anda i varje dosa<\/h2><\/div>\n\n\n\n<p>V\u00e4lkommen till hj\u00e4rtat av v\u00e5r passion och stolthet \u2013 v\u00e5r unika snusprodukt. V\u00e5r resa b\u00f6rjade i 2016, f\u00f6dd ur en djup k\u00e4rlek till det vackra svenska landskapet och s\u00e4rskilt det majest\u00e4tiska \u00c5reskutan. Inspirerade av denna naturliga prakt och dess renhet, ville vi skapa en nikotinp\u00e5se som inte bara representerar h\u00f6gsta kvalitet, utan ocks\u00e5 hyllar v\u00e5rt svenska arv.<\/p>\n\n\n\n<p>\u00c5reskutans storslagna natur \u00e4r mer \u00e4n bara en bakgrund; det \u00e4r sj\u00e4lva essensen av v\u00e5r produkt. Varje dosa vi skapar \u00e4r en spegling av den harmoni och frid som vi finner i dessa nordliga breddgrader. Vi \u00e4r stolta \u00f6ver att v\u00e5r produkt \u00e4r djupt rotad i svensk tradition, samtidigt som den omfamnar modern innovation och kvalitet.<\/p>\n<\/div><\/div><\/div>\n\n\n\n<div class=\"wp-block-stackable-column stk-block-column stk-column stk-block stk-e8ec9fc\" data-v=\"4\" data-block-id=\"e8ec9fc\"><style>.stk-e8ec9fc-container{margin-top:0px !important;margin-right:0px !important;margin-bottom:0px !important;margin-left:0px !important}@media screen and (min-width:768px) and (max-width:1023px){.stk-e8ec9fc{flex:0 1 calc(100% - var(--stk-column-gap,0px) * 0 \/ 1 ) !important}}<\/style><div class=\"stk-column-wrapper stk-block-column__content stk-container stk-e8ec9fc-container stk--no-background stk--no-padding\"><div class=\"stk-block-content stk-inner-blocks stk-e8ec9fc-inner-blocks\">\n<div class=\"wp-block-stackable-image stk-block-image stk-block stk-ee3e13d\" data-block-id=\"ee3e13d\"><style>.stk-ee3e13d .stk-img-wrapper img{border-radius:3px !important}@media screen and (max-width:1023px){.stk-ee3e13d .stk-img-wrapper{width:660px !important}}@media screen and (max-width:767px){.stk-ee3e13d .stk-img-wrapper{width:100% !important;height:500px !important}}<\/style><figure><div class=\"stk-img-wrapper stk-image--shape-stretch\"><img loading=\"lazy\" decoding=\"async\" class=\"stk-img wp-image-855\" src=\"https:\/\/areprillan.se\/wp-content\/uploads\/2023\/12\/areskutan-D0Jxh96WLk0-unsplash-scaled.jpg\" width=\"2560\" height=\"1920\" srcset=\"https:\/\/areprillan.se\/wp-content\/uploads\/2023\/12\/areskutan-D0Jxh96WLk0-unsplash-scaled.jpg 2560w, https:\/\/areprillan.se\/wp-content\/uploads\/2023\/12\/areskutan-D0Jxh96WLk0-unsplash-scaled-1000x750.jpg 1000w, https:\/\/areprillan.se\/wp-content\/uploads\/2023\/12\/areskutan-D0Jxh96WLk0-unsplash-500x375.jpg 500w, https:\/\/areprillan.se\/wp-content\/uploads\/2023\/12\/areskutan-D0Jxh96WLk0-unsplash-1024x768.jpg 1024w, https:\/\/areprillan.se\/wp-content\/uploads\/2023\/12\/areskutan-D0Jxh96WLk0-unsplash-768x576.jpg 768w, https:\/\/areprillan.se\/wp-content\/uploads\/2023\/12\/areskutan-D0Jxh96WLk0-unsplash-1536x1152.jpg 1536w, https:\/\/areprillan.se\/wp-content\/uploads\/2023\/12\/areskutan-D0Jxh96WLk0-unsplash-2048x1536.jpg 2048w\" sizes=\"(max-width: 2560px) 100vw, 2560px\" \/><\/div><\/figure><\/div>\n<\/div><\/div><\/div>\n<\/div><\/div>\n\n\n\n<div class=\"wp-block-stackable-spacer stk-block-spacer stk--no-padding stk-block stk-746b086\" data-block-id=\"746b086\"><style>.stk-746b086{height:140px !important}@media screen and (max-width:1023px){.stk-746b086{height:100px !important}}<\/style><\/div>\n","protected":false},"excerpt":{"rendered":"<p>\u00c5reskutans anda i varje dosa V\u00e4lkommen till hj\u00e4rtat av v\u00e5r passion och stolthet \u2013 v\u00e5r unika snusprodukt. V\u00e5r resa b\u00f6rjade i 2016, f\u00f6dd ur en djup k\u00e4rlek till det vackra svenska landskapet och s\u00e4rskilt det majest\u00e4tiska \u00c5reskutan. Inspirerade av denna naturliga prakt och dess renhet, ville vi skapa en nikotinp\u00e5se som inte bara representerar h\u00f6gsta [&hellip;]<\/p>\n","protected":false},"author":1,"featured_media":0,"parent":0,"menu_order":0,"comment_status":"closed","ping_status":"closed","template":"","meta":{"footnotes":""},"blocksy_meta":{"page_title_panel":"","has_hero_section":"disabled","d62764b6e9bb0aaea5ca5b89dbc46beb":"","hero_section":"type-1","hero_elements":[{"id":"custom_title","enabled":true,"heading_tag":"h1","title":"Home"},{"id":"custom_description","enabled":true,"description_visibility":{"desktop":true,"tablet":true,"mobile":false}},{"id":"custom_meta","enabled":false,"meta_elements":[{"id":"author","enabled":true,"label":"By","has_author_avatar":"yes","avatar_size":25},{"id":"post_date","enabled":true,"label":"On","date_format_source":"default","date_format":"M j, Y"},{"id":"updated_date","enabled":false,"label":"On","date_format_source":"default","date_format":"M j, Y"},{"id":"categories","enabled":false,"label":"In","style":"simple"},{"id":"comments","enabled":true}],"page_meta_elements":{"joined":true,"articles_count":true,"comments":true}},{"id":"breadcrumbs","enabled":false}],"fae67ca3721c76f07332a34e2e1279c1":"","hero_alignment1":"CT_CSS_SKIP_RULE","hero_margin":40,"hero_alignment2":"center","hero_vertical_alignment":"center","265681bca8ef66c998345d5f49e0a641":"","hero_structure":"narrow","9fd6ae2320326ef29e9de4a6fabe4476":"","page_title_bg_type":"featured_image","custom_hero_background":{"attachment_id":null},"parallax":{"desktop":false,"tablet":false,"mobile":false},"7b759c92badcf9bd8e5dad0e24feb678":"","hero_height":"250px","pageTitleFont":{"family":"Default","variation":"Default","size":"30px","line-height":"CT_CSS_SKIP_RULE","letter-spacing":"CT_CSS_SKIP_RULE","text-transform":"CT_CSS_SKIP_RULE","text-decoration":"CT_CSS_SKIP_RULE"},"pageTitleFontColor":{"default":{"color":"CT_CSS_SKIP_RULEDEFAULT"}},"pageMetaFont":{"family":"Default","variation":"n6","size":"12px","line-height":"1.3","letter-spacing":"CT_CSS_SKIP_RULE","text-transform":"uppercase","text-decoration":"CT_CSS_SKIP_RULE"},"pageMetaFontColor":{"default":{"color":"CT_CSS_SKIP_RULEDEFAULT"},"hover":{"color":"CT_CSS_SKIP_RULEDEFAULT"}},"page_meta_button_type_font_colors":{"default":{"color":"CT_CSS_SKIP_RULEDEFAULT"},"hover":{"color":"CT_CSS_SKIP_RULEDEFAULT"}},"page_meta_button_type_background_colors":{"default":{"color":"CT_CSS_SKIP_RULEDEFAULT"},"hover":{"color":"CT_CSS_SKIP_RULEDEFAULT"}},"pageExcerptFont":{"family":"Default","variation":"Default","size":"CT_CSS_SKIP_RULE","line-height":"CT_CSS_SKIP_RULE","letter-spacing":"CT_CSS_SKIP_RULE","text-transform":"CT_CSS_SKIP_RULE","text-decoration":"CT_CSS_SKIP_RULE"},"pageExcerptColor":{"default":{"color":"CT_CSS_SKIP_RULEDEFAULT"}},"breadcrumbsFont":{"family":"Default","variation":"Default","size":"CT_CSS_SKIP_RULE","line-height":"CT_CSS_SKIP_RULE","letter-spacing":"CT_CSS_SKIP_RULE","text-transform":"CT_CSS_SKIP_RULE","text-decoration":"CT_CSS_SKIP_RULE"},"breadcrumbsFontColor":{"default":{"color":"CT_CSS_SKIP_RULEDEFAULT"},"initial":{"color":"CT_CSS_SKIP_RULEDEFAULT"},"hover":{"color":"CT_CSS_SKIP_RULEDEFAULT"}},"pageTitleOverlay":{"background_type":"color","background_pattern":"type-1","background_image":{"attachment_id":null,"x":0,"y":0},"gradient":"linear-gradient(135deg,rgba(6,147,227,1) 0%,rgb(155,81,224) 100%)","background_repeat":"repeat","background_size":"auto","background_attachment":"scroll","patternColor":{"default":{"color":"#e5e7ea"}},"overlayColor":{"default":{"color":"CT_CSS_SKIP_RULE"}},"backgroundColor":{"default":{"color":"CT_CSS_SKIP_RULE"}}},"pageTitleBackground":{"background_type":"color","background_pattern":"type-1","background_image":{"attachment_id":null,"x":0,"y":0},"gradient":"linear-gradient(135deg,rgba(6,147,227,1) 0%,rgb(155,81,224) 100%)","background_repeat":"repeat","background_size":"auto","background_attachment":"scroll","patternColor":{"default":{"color":"#e5e7ea"}},"overlayColor":{"default":{"color":"CT_CSS_SKIP_RULE"}},"backgroundColor":{"default":{"color":"var(--paletteColor6)"}}},"pageTitlePadding":{"top":"50px","bottom":"50px","left":"auto","right":"auto","linked":true},"f4fc0fcaa853d290d42c96e8f6d5b869":"","page_structure_type":"default","0b26d651a8d2ebb2a14a963ba8c4895c":"","content_style_source":"inherit","content_style":"wide","vertical_spacing_source":"custom","content_area_spacing":"none","background":{"background_type":"color","background_pattern":"type-1","background_image":{"attachment_id":null,"x":0,"y":0},"gradient":"linear-gradient(135deg,rgba(6,147,227,1) 0%,rgb(155,81,224) 100%)","background_repeat":"repeat","background_size":"auto","background_attachment":"scroll","patternColor":{"default":{"color":"#e5e7ea"}},"overlayColor":{"default":{"color":"CT_CSS_SKIP_RULE"}},"backgroundColor":{"default":{"color":"CT_CSS_SKIP_RULE"}}},"content_background":{"background_type":"color","background_pattern":"type-1","background_image":{"attachment_id":null,"x":0,"y":0},"gradient":"linear-gradient(135deg,rgba(6,147,227,1) 0%,rgb(155,81,224) 100%)","background_repeat":"repeat","background_size":"auto","background_attachment":"scroll","patternColor":{"default":{"color":"#e5e7ea"}},"overlayColor":{"default":{"color":"CT_CSS_SKIP_RULE"}},"backgroundColor":{"default":{"color":"var(--paletteColor8)"}}},"content_boxed_shadow":{"inherit":false,"blur":18,"spread":-6,"v_offset":12,"h_offset":0,"inset":false,"enable":true,"color":{"color":"rgba(34, 56, 101, 0.04)"}},"boxed_content_spacing":{"desktop":{"top":"40px","bottom":"40px","left":"40px","right":"40px","linked":true},"tablet":{"top":"35px","bottom":"35px","left":"35px","right":"35px","linked":true},"mobile":{"top":"20px","bottom":"20px","left":"20px","right":"20px","linked":true}},"content_boxed_radius":{"top":"3px","bottom":"3px","left":"3px","right":"3px","linked":true},"d5f159e47b7a7b57e3af8576c3a511fa":"","disable_featured_image":"no","disable_share_box":"no","disable_header":"no","disable_footer":"no","styles_descriptor":{"styles":{"desktop":"","tablet":"","mobile":""},"google_fonts":[],"version":5}},"featured_image_urls":{"full":"","thumbnail":"","medium":"","medium_large":"","large":"","1536x1536":"","2048x2048":"","woocommerce_thumbnail":"","woocommerce_single":"","woocommerce_gallery_thumbnail":""},"post_excerpt_stackable":"<p>\u00c5reskutans anda i varje dosa V\u00e4lkommen till hj\u00e4rtat av v\u00e5r passion och stolthet \u2013 v\u00e5r unika snusprodukt. V\u00e5r resa b\u00f6rjade i 2016, f\u00f6dd ur en djup k\u00e4rlek till det vackra svenska landskapet och s\u00e4rskilt det majest\u00e4tiska \u00c5reskutan. Inspirerade av denna naturliga prakt och dess renhet, ville vi skapa en nikotinp\u00e5se som inte bara representerar h\u00f6gsta kvalitet, utan ocks\u00e5 hyllar v\u00e5rt svenska arv. \u00c5reskutans storslagna natur \u00e4r mer \u00e4n bara en bakgrund; det \u00e4r sj\u00e4lva essensen av v\u00e5r produkt. Varje dosa vi skapar \u00e4r en spegling av den harmoni och frid som vi finner i dessa nordliga breddgrader. Vi \u00e4r stolta&hellip;<\/p>\n","category_list":"","author_info":{"name":"oscarnnn","url":"https:\/\/areprillan.se\/?author=1"},"comments_num":"0 comments","_links":{"self":[{"href":"https:\/\/areprillan.se\/index.php?rest_route=\/wp\/v2\/pages\/410"}],"collection":[{"href":"https:\/\/areprillan.se\/index.php?rest_route=\/wp\/v2\/pages"}],"about":[{"href":"https:\/\/areprillan.se\/index.php?rest_route=\/wp\/v2\/types\/page"}],"author":[{"embeddable":true,"href":"https:\/\/areprillan.se\/index.php?rest_route=\/wp\/v2\/users\/1"}],"replies":[{"embeddable":true,"href":"https:\/\/areprillan.se\/index.php?rest_route=%2Fwp%2Fv2%2Fcomments&post=410"}],"version-history":[{"count":23,"href":"https:\/\/areprillan.se\/index.php?rest_route=\/wp\/v2\/pages\/410\/revisions"}],"predecessor-version":[{"id":1099,"href":"https:\/\/areprillan.se\/index.php?rest_route=\/wp\/v2\/pages\/410\/revisions\/1099"}],"wp:attachment":[{"href":"https:\/\/areprillan.se\/index.php?rest_route=%2Fwp%2Fv2%2Fmedia&parent=410"}],"curies":[{"name":"wp","href":"https:\/\/api.w.org\/{rel}","templated":true}]}}