{"id":990,"date":"2023-12-18T20:02:44","date_gmt":"2023-12-18T19:02:44","guid":{"rendered":"https:\/\/areprillan.se\/?page_id=990"},"modified":"2023-12-18T20:07:03","modified_gmt":"2023-12-18T19:07:03","slug":"leveranspolicy","status":"publish","type":"page","link":"https:\/\/areprillan.se\/?page_id=990","title":{"rendered":"Delivery policy"},"content":{"rendered":"\n<h2 class=\"wp-block-heading\">Leveranspolicy<\/h2>\n\n\n\n<p>Leveranspolicyn \u00e4r till\u00e4mplig n\u00e4r du som kund k\u00f6per en vara via areprillan.se (\u201dHemsidan\u201d). Avtal ing\u00e5s mellan dig som kund (\u201ddu\u201d eller \u201dkunden\u201d) och \u00c5reprillan AB, organisationsnummer 556908-7793 (\u201d\u00c5reprillan eller Vi\u201d).&nbsp;<\/p>\n\n\n\n<p>D\u00e5 alla v\u00e5ra produkter skickas fr\u00e5n \u00c5re \u00e4r den f\u00f6rv\u00e4ntade leveranstiden \u00e4r 2 \u2013 4 arbetsdagar men vi str\u00e4var alltid efter att du skall d\u00e5 din best\u00e4llning s\u00e5 fort som m\u00f6jligt. Om du inte f\u00e5tt din best\u00e4llning levererad inom 5 arbetsdagar vill vi g\u00e4rna att ni kontaktar v\u00e5r kundservice p\u00e5 info@areprillan.se. F\u00f6r det fall att Vi inte kan levererad \u00f6nskad best\u00e4llning kommer vi kontakta dig och ge dig m\u00f6jlighet att byta till annan likv\u00e4rdig produkt eller h\u00e4va k\u00f6pet helt.&nbsp;&nbsp;<\/p>\n\n\n\n<p>Alla \u00c5reprillans Leveranser sker med hj\u00e4lp av Postnord Varubrev.\u202fF\u00f6r det fall f\u00f6rs\u00e4ndelsen inte f\u00e5r plats i brevl\u00e5dan levereras den vid din d\u00f6rr eller h\u00e4mtas p\u00e5 ditt lokala ombud. F\u00f6rs\u00e4ndelsen ska d\u00e5 h\u00e4mtas ut hos ombud inom den tid som anges i aviseringen.&nbsp; F\u00f6r uth\u00e4mtning av varubrev hos ombud kr\u00e4vs vanligen inte legitimering, vi rekommenderar dock att du eller ombud tar med relevanta ID-handlingar. Du f\u00e5r alltid en avisering som visar var och n\u00e4r paket ska h\u00e4mtas samt informerar om Identifiering beh\u00f6vs. Avisering sker vanligtvis via e-post,\u202ftelefonsamtal eller SMS, men kan ocks\u00e5 ske i pappersformat i brevl\u00e5dan. F\u00f6rs\u00e4ndelser som ej h\u00e4mtats ut inom 7 dagar \u00e5ters\u00e4nds till \u00c5reprillan. Skulle detta ske kommer \u00c5reprillan att debitera kunden en administrationsavgift om 200 kronor f\u00f6r att t\u00e4cka frakter och hantering.&nbsp;&nbsp;<\/p>\n","protected":false},"excerpt":{"rendered":"<p>Leveranspolicy Leveranspolicyn \u00e4r till\u00e4mplig n\u00e4r du som kund k\u00f6per en vara via areprillan.se (\u201dHemsidan\u201d). Avtal ing\u00e5s mellan dig som kund (\u201ddu\u201d eller \u201dkunden\u201d) och \u00c5reprillan AB, organisationsnummer 556908-7793 (\u201d\u00c5reprillan eller Vi\u201d).&nbsp; D\u00e5 alla v\u00e5ra produkter skickas fr\u00e5n \u00c5re \u00e4r den f\u00f6rv\u00e4ntade leveranstiden \u00e4r 2 \u2013 4 arbetsdagar men vi str\u00e4var alltid efter att du skall [&hellip;]<\/p>\n","protected":false},"author":2,"featured_media":0,"parent":0,"menu_order":0,"comment_status":"closed","ping_status":"closed","template":"","meta":{"footnotes":""},"blocksy_meta":"","featured_image_urls":{"full":"","thumbnail":"","medium":"","medium_large":"","large":"","1536x1536":"","2048x2048":"","woocommerce_thumbnail":"","woocommerce_single":"","woocommerce_gallery_thumbnail":""},"post_excerpt_stackable":"<p>Leveranspolicy Leveranspolicyn \u00e4r till\u00e4mplig n\u00e4r du som kund k\u00f6per en vara via areprillan.se (\u201dHemsidan\u201d). Avtal ing\u00e5s mellan dig som kund (\u201ddu\u201d eller \u201dkunden\u201d) och \u00c5reprillan AB, organisationsnummer 556908-7793 (\u201d\u00c5reprillan eller Vi\u201d).&nbsp; D\u00e5 alla v\u00e5ra produkter skickas fr\u00e5n \u00c5re \u00e4r den f\u00f6rv\u00e4ntade leveranstiden \u00e4r 2 \u2013 4 arbetsdagar men vi str\u00e4var alltid efter att du skall d\u00e5 din best\u00e4llning s\u00e5 fort som m\u00f6jligt. Om du inte f\u00e5tt din best\u00e4llning levererad inom 5 arbetsdagar vill vi g\u00e4rna att ni kontaktar v\u00e5r kundservice p\u00e5 info@areprillan.se. F\u00f6r det fall att Vi inte kan levererad \u00f6nskad best\u00e4llning kommer vi kontakta dig och ge dig m\u00f6jlighet&hellip;<\/p>\n","category_list":"","author_info":{"name":"ljubo12","url":"https:\/\/areprillan.se\/?author=2"},"comments_num":"0 comments","_links":{"self":[{"href":"https:\/\/areprillan.se\/index.php?rest_route=\/wp\/v2\/pages\/990"}],"collection":[{"href":"https:\/\/areprillan.se\/index.php?rest_route=\/wp\/v2\/pages"}],"about":[{"href":"https:\/\/areprillan.se\/index.php?rest_route=\/wp\/v2\/types\/page"}],"author":[{"embeddable":true,"href":"https:\/\/areprillan.se\/index.php?rest_route=\/wp\/v2\/users\/2"}],"replies":[{"embeddable":true,"href":"https:\/\/areprillan.se\/index.php?rest_route=%2Fwp%2Fv2%2Fcomments&post=990"}],"version-history":[{"count":3,"href":"https:\/\/areprillan.se\/index.php?rest_route=\/wp\/v2\/pages\/990\/revisions"}],"predecessor-version":[{"id":996,"href":"https:\/\/areprillan.se\/index.php?rest_route=\/wp\/v2\/pages\/990\/revisions\/996"}],"wp:attachment":[{"href":"https:\/\/areprillan.se\/index.php?rest_route=%2Fwp%2Fv2%2Fmedia&parent=990"}],"curies":[{"name":"wp","href":"https:\/\/api.w.org\/{rel}","templated":true}]}}