{"id":279,"date":"2020-03-18T15:35:09","date_gmt":"2020-03-18T15:35:09","guid":{"rendered":"https:\/\/demo.creativethemes.com\/blocksy\/modern-shop\/?post_type=product&#038;p=279"},"modified":"2025-10-03T20:21:06","modified_gmt":"2025-10-03T18:21:06","slug":"ice-mint","status":"publish","type":"product","link":"https:\/\/areprillan.se\/?product=ice-mint","title":{"rendered":"Ice mint"},"content":{"rendered":"","protected":false},"excerpt":{"rendered":"<p><strong>Din Favoritsmak i En Perfekt F\u00f6rpackad L\u00e5da!<\/strong><\/p>\n<p>V\u00e4lj din favoritsmak och njut av en hel l\u00e5da med 9 dosor av samma sort. V\u00e5r ensmaksl\u00e5da \u00e4r idealisk f\u00f6r dig som vet vad du vill ha och uppskattar kvalitet och bekv\u00e4mlighet i varje dosa.<\/p>\n<p><strong>Produktfunktioner:<\/strong><\/p>\n<ul>\n<li><strong>Enhetlig Smak:<\/strong> Varje l\u00e5da inneh\u00e5ller 9 dosor av samma uts\u00f6kta smak.<\/li>\n<li><strong>H\u00f6gsta Kvalitet:<\/strong> Konsekvent kvalitet och f\u00e4rskhet i varje dosa.<\/li>\n<li><strong>Ekonomiskt F\u00f6rdelaktigt:<\/strong> V\u00e5ra l\u00e5dor erbjuder ett utm\u00e4rkt pris per dosa, vilket g\u00f6r det till ett smart k\u00f6p.<\/li>\n<\/ul>\n<p>Vare sig du f\u00f6redrar en klassisk smak eller n\u00e5got mer \u00e4ventyrligt, har vi n\u00e5got f\u00f6r dig. V\u00e5ra ensmaksl\u00e5dor \u00e4r skapade f\u00f6r att tillgodose dina specifika preferenser och garanterar en njutbar snusupplevelse.<\/p>\n","protected":false},"featured_media":1129,"template":"","meta":[],"product_cat":[24],"product_tag":[],"featured_image_urls":{"full":["https:\/\/areprillan.se\/wp-content\/uploads\/2023\/12\/ladacropim.png",1200,1200,false],"thumbnail":["https:\/\/areprillan.se\/wp-content\/uploads\/2023\/12\/ladacropim-150x150.png",150,150,true],"medium":["https:\/\/areprillan.se\/wp-content\/uploads\/2023\/12\/ladacropim-500x500.png",500,500,true],"medium_large":["https:\/\/areprillan.se\/wp-content\/uploads\/2023\/12\/ladacropim-768x768.png",768,768,true],"large":["https:\/\/areprillan.se\/wp-content\/uploads\/2023\/12\/ladacropim-1024x1024.png",1024,1024,true],"1536x1536":["https:\/\/areprillan.se\/wp-content\/uploads\/2023\/12\/ladacropim.png",1200,1200,false],"2048x2048":["https:\/\/areprillan.se\/wp-content\/uploads\/2023\/12\/ladacropim.png",1200,1200,false],"woocommerce_thumbnail":["https:\/\/areprillan.se\/wp-content\/uploads\/2023\/12\/ladacropim-800x800.png",800,800,true],"woocommerce_single":["https:\/\/areprillan.se\/wp-content\/uploads\/2023\/12\/ladacropim-1000x1000.png",1000,1000,true],"woocommerce_gallery_thumbnail":["https:\/\/areprillan.se\/wp-content\/uploads\/2023\/12\/ladacropim-100x100.png",100,100,true]},"post_excerpt_stackable":"<p><strong>Din Favoritsmak i En Perfekt F\u00f6rpackad L\u00e5da!<\/strong><\/p>\n<p>V\u00e4lj din favoritsmak och njut av en hel l\u00e5da med 9 dosor av samma sort. V\u00e5r ensmaksl\u00e5da \u00e4r idealisk f\u00f6r dig som vet vad du vill ha och uppskattar kvalitet och bekv\u00e4mlighet i varje dosa.<\/p>\n<p><strong>Produktfunktioner:<\/strong><\/p>\n<ul>\n<li><strong>Enhetlig Smak:<\/strong> Varje l\u00e5da inneh\u00e5ller 9 dosor av samma uts\u00f6kta smak.<\/li>\n<li><strong>H\u00f6gsta Kvalitet:<\/strong> Konsekvent kvalitet och f\u00e4rskhet i varje dosa.<\/li>\n<li><strong>Ekonomiskt F\u00f6rdelaktigt:<\/strong> V\u00e5ra l\u00e5dor erbjuder ett utm\u00e4rkt pris per dosa, vilket g\u00f6r det till ett smart k\u00f6p.<\/li>\n<\/ul>\n<p>Vare sig du f\u00f6redrar en klassisk smak eller n\u00e5got mer \u00e4ventyrligt, har vi n\u00e5got f\u00f6r dig. V\u00e5ra ensmaksl\u00e5dor \u00e4r skapade f\u00f6r att tillgodose dina specifika preferenser och garanterar en njutbar snusupplevelse.<\/p>\n","category_list":"","author_info":{"name":"","url":""},"comments_num":"0 comments","_links":{"self":[{"href":"https:\/\/areprillan.se\/index.php?rest_route=\/wp\/v2\/product\/279"}],"collection":[{"href":"https:\/\/areprillan.se\/index.php?rest_route=\/wp\/v2\/product"}],"about":[{"href":"https:\/\/areprillan.se\/index.php?rest_route=\/wp\/v2\/types\/product"}],"wp:featuredmedia":[{"embeddable":true,"href":"https:\/\/areprillan.se\/index.php?rest_route=\/wp\/v2\/media\/1129"}],"wp:attachment":[{"href":"https:\/\/areprillan.se\/index.php?rest_route=%2Fwp%2Fv2%2Fmedia&parent=279"}],"wp:term":[{"taxonomy":"product_cat","embeddable":true,"href":"https:\/\/areprillan.se\/index.php?rest_route=%2Fwp%2Fv2%2Fproduct_cat&post=279"},{"taxonomy":"product_tag","embeddable":true,"href":"https:\/\/areprillan.se\/index.php?rest_route=%2Fwp%2Fv2%2Fproduct_tag&post=279"}],"curies":[{"name":"wp","href":"https:\/\/api.w.org\/{rel}","templated":true}]}}