{"id":817,"date":"2023-12-02T22:10:08","date_gmt":"2023-12-02T21:10:08","guid":{"rendered":"https:\/\/areprillan.se\/?post_type=product&#038;p=817"},"modified":"2025-10-03T20:20:59","modified_gmt":"2025-10-03T18:20:59","slug":"ice-mint-kopia","status":"publish","type":"product","link":"https:\/\/areprillan.se\/?product=ice-mint-kopia","title":{"rendered":"Mix"},"content":{"rendered":"","protected":false},"excerpt":{"rendered":"<p><strong>Uppt\u00e4ck V\u00e5r Exklusiva Snusmix!<\/strong><\/p>\n<p>V\u00e5r speciellt sammanst\u00e4llda Snusmix-l\u00e5da \u00e4r den perfekta l\u00f6sningen f\u00f6r den som vill prova p\u00e5 olika smaker. I denna unika f\u00f6rpackning f\u00e5r du en sp\u00e4nnande blandning av v\u00e5ra tre popul\u00e4ra snussorter, med 3 dosor av varje sort, vilket totalt ger dig 9 dosor.<\/p>\n<p><strong>Vad ing\u00e5r:<\/strong><\/p>\n<ul>\n<li><strong>M\u00e5ngfald av Smaker:<\/strong> En harmonisk mix av 3 olika snussmaker.<\/li>\n<li><strong>Kvalitet och Variation:<\/strong> Upplev olika smakprofiler i en och samma l\u00e5da.<\/li>\n<li><strong>Perfekt f\u00f6r Utforskning:<\/strong> Idealisk f\u00f6r dig som vill prova n\u00e5got nytt eller inte kan best\u00e4mma dig f\u00f6r en favoritsmak.<\/li>\n<\/ul>\n<p>Varje dosa i v\u00e5r Snusmix-l\u00e5da \u00e4r noggrant utvald f\u00f6r att erbjuda en unik och tillfredsst\u00e4llande upplevelse. Utm\u00e4rkt f\u00f6r b\u00e5de nya och erfarna snusare som vill utforska v\u00e5rt sortiment.<\/p>\n","protected":false},"featured_media":1070,"template":"","meta":[],"product_cat":[24],"product_tag":[],"featured_image_urls":{"full":["https:\/\/areprillan.se\/wp-content\/uploads\/2023\/12\/ladacrop.png",1200,1200,false],"thumbnail":["https:\/\/areprillan.se\/wp-content\/uploads\/2023\/12\/ladacrop-150x150.png",150,150,true],"medium":["https:\/\/areprillan.se\/wp-content\/uploads\/2023\/12\/ladacrop-500x500.png",500,500,true],"medium_large":["https:\/\/areprillan.se\/wp-content\/uploads\/2023\/12\/ladacrop-768x768.png",768,768,true],"large":["https:\/\/areprillan.se\/wp-content\/uploads\/2023\/12\/ladacrop-1024x1024.png",1024,1024,true],"1536x1536":["https:\/\/areprillan.se\/wp-content\/uploads\/2023\/12\/ladacrop.png",1200,1200,false],"2048x2048":["https:\/\/areprillan.se\/wp-content\/uploads\/2023\/12\/ladacrop.png",1200,1200,false],"woocommerce_thumbnail":["https:\/\/areprillan.se\/wp-content\/uploads\/2023\/12\/ladacrop-800x800.png",800,800,true],"woocommerce_single":["https:\/\/areprillan.se\/wp-content\/uploads\/2023\/12\/ladacrop-1000x1000.png",1000,1000,true],"woocommerce_gallery_thumbnail":["https:\/\/areprillan.se\/wp-content\/uploads\/2023\/12\/ladacrop-100x100.png",100,100,true]},"post_excerpt_stackable":"<p><strong>Uppt\u00e4ck V\u00e5r Exklusiva Snusmix!<\/strong><\/p>\n<p>V\u00e5r speciellt sammanst\u00e4llda Snusmix-l\u00e5da \u00e4r den perfekta l\u00f6sningen f\u00f6r den som vill prova p\u00e5 olika smaker. I denna unika f\u00f6rpackning f\u00e5r du en sp\u00e4nnande blandning av v\u00e5ra tre popul\u00e4ra snussorter, med 3 dosor av varje sort, vilket totalt ger dig 9 dosor.<\/p>\n<p><strong>Vad ing\u00e5r:<\/strong><\/p>\n<ul>\n<li><strong>M\u00e5ngfald av Smaker:<\/strong> En harmonisk mix av 3 olika snussmaker.<\/li>\n<li><strong>Kvalitet och Variation:<\/strong> Upplev olika smakprofiler i en och samma l\u00e5da.<\/li>\n<li><strong>Perfekt f\u00f6r Utforskning:<\/strong> Idealisk f\u00f6r dig som vill prova n\u00e5got nytt eller inte kan best\u00e4mma dig f\u00f6r en favoritsmak.<\/li>\n<\/ul>\n<p>Varje dosa i v\u00e5r Snusmix-l\u00e5da \u00e4r noggrant utvald f\u00f6r att erbjuda en unik och tillfredsst\u00e4llande upplevelse. Utm\u00e4rkt f\u00f6r b\u00e5de nya och erfarna snusare som vill utforska v\u00e5rt sortiment.<\/p>\n","category_list":"","author_info":{"name":"","url":""},"comments_num":"0 comments","_links":{"self":[{"href":"https:\/\/areprillan.se\/index.php?rest_route=\/wp\/v2\/product\/817"}],"collection":[{"href":"https:\/\/areprillan.se\/index.php?rest_route=\/wp\/v2\/product"}],"about":[{"href":"https:\/\/areprillan.se\/index.php?rest_route=\/wp\/v2\/types\/product"}],"wp:featuredmedia":[{"embeddable":true,"href":"https:\/\/areprillan.se\/index.php?rest_route=\/wp\/v2\/media\/1070"}],"wp:attachment":[{"href":"https:\/\/areprillan.se\/index.php?rest_route=%2Fwp%2Fv2%2Fmedia&parent=817"}],"wp:term":[{"taxonomy":"product_cat","embeddable":true,"href":"https:\/\/areprillan.se\/index.php?rest_route=%2Fwp%2Fv2%2Fproduct_cat&post=817"},{"taxonomy":"product_tag","embeddable":true,"href":"https:\/\/areprillan.se\/index.php?rest_route=%2Fwp%2Fv2%2Fproduct_tag&post=817"}],"curies":[{"name":"wp","href":"https:\/\/api.w.org\/{rel}","templated":true}]}}